{"id":8,"date":"2026-02-02T19:29:43","date_gmt":"2026-02-02T18:29:43","guid":{"rendered":"https:\/\/patronfightclub.com\/?page_id=8"},"modified":"2026-03-17T20:27:56","modified_gmt":"2026-03-17T19:27:56","slug":"patron-fight-club","status":"publish","type":"page","link":"https:\/\/patronfightclub.com\/","title":{"rendered":"PATRON FIGHT CLUB"},"content":{"rendered":"\n<div style=\"height:100px\" aria-hidden=\"true\" class=\"wp-block-spacer\"><\/div>\n\n\n\n<div style=\"height:0px\" aria-hidden=\"true\" class=\"wp-block-spacer\"><\/div>\n\n\n\n<figure class=\"wp-block-image size-large is-resized\"><img loading=\"lazy\" decoding=\"async\" width=\"1024\" height=\"682\" src=\"https:\/\/patronfightclub.com\/wp-content\/uploads\/2026\/03\/fotogrupo-1024x682.jpg\" alt=\"\" class=\"wp-image-150\" style=\"aspect-ratio:1.3333333333333333;object-fit:contain;width:1490px;height:auto\" srcset=\"https:\/\/patronfightclub.com\/wp-content\/uploads\/2026\/03\/fotogrupo-1024x682.jpg 1024w, https:\/\/patronfightclub.com\/wp-content\/uploads\/2026\/03\/fotogrupo-300x200.jpg 300w, https:\/\/patronfightclub.com\/wp-content\/uploads\/2026\/03\/fotogrupo-768x512.jpg 768w, https:\/\/patronfightclub.com\/wp-content\/uploads\/2026\/03\/fotogrupo-1536x1023.jpg 1536w, https:\/\/patronfightclub.com\/wp-content\/uploads\/2026\/03\/fotogrupo.jpg 1600w\" sizes=\"auto, (max-width: 1024px) 100vw, 1024px\" \/><figcaption class=\"wp-element-caption\">EQUIPO<\/figcaption><\/figure>\n\n\n\t\t\t\t\t<!-- Configure your Spectra Image Gallery -->\n\t\t\t\t\t\n\n\n<div style=\"height:0px\" aria-hidden=\"true\" class=\"wp-block-spacer\"><\/div>\n\n\n\n<p class=\"has-text-align-center has-ast-global-color-6-color has-text-color has-link-color has-medium-font-size wp-elements-30aa9fb0302cbe7024437a82e1b0634a\">El centro es conocido por su excepcional variedad de actividades, que incluyen clases de BOXEO, K1 Y MMA,  dise\u00f1adas tanto para principiantes como para atletas m\u00e1s experimentados. La formaci\u00f3n est\u00e1 a cargo de&nbsp;<strong>Marco Pati\u00f1o<\/strong>, un entrenador apasionado por el deporte, que no solo comparte su amplia experiencia, sino que tambi\u00e9n se preocupa por el bienestar y el progreso de cada uno de sus alumnos. Su enfoque cercano y motivador convierte cada sesi\u00f3n en una oportunidad de aprendizaje y superaci\u00f3n personal.<\/p>\n\n\n\n<figure class=\"wp-block-image size-large is-resized\"><img loading=\"lazy\" decoding=\"async\" width=\"1024\" height=\"682\" src=\"https:\/\/patronfightclub.com\/wp-content\/uploads\/2026\/03\/mirandose-1024x682.jpg\" alt=\"\" class=\"wp-image-151\" style=\"width:1490px;height:auto\" srcset=\"https:\/\/patronfightclub.com\/wp-content\/uploads\/2026\/03\/mirandose-1024x682.jpg 1024w, https:\/\/patronfightclub.com\/wp-content\/uploads\/2026\/03\/mirandose-300x200.jpg 300w, https:\/\/patronfightclub.com\/wp-content\/uploads\/2026\/03\/mirandose-768x512.jpg 768w, https:\/\/patronfightclub.com\/wp-content\/uploads\/2026\/03\/mirandose-1536x1023.jpg 1536w, https:\/\/patronfightclub.com\/wp-content\/uploads\/2026\/03\/mirandose.jpg 1600w\" sizes=\"auto, (max-width: 1024px) 100vw, 1024px\" \/><figcaption class=\"wp-element-caption\">FOCUS<\/figcaption><\/figure>\n\n\n\n<p class=\"has-text-align-center has-ast-global-color-6-color has-text-color has-link-color has-medium-font-size wp-elements-d868b06ac10a63122a497c82422e78aa\">Ubicado en el coraz\u00f3n de Humanes de Madrid,&nbsp;<strong>Patr\u00f3n Fight&#8217;s Club<\/strong>&nbsp;se presenta como un gimnasio de referencia para los amantes de los deportes de combate y el entrenamiento funcional. Con un ambiente acogedor y un equipo de profesionales altamente cualificados, este centro se ha ganado la confianza y la admiraci\u00f3n de sus miembros, quienes destacan la atenci\u00f3n personalizada y el compromiso de los entrenadores.<\/p>\n\n\n\n<p class=\"has-text-align-center has-ast-global-color-6-color has-text-color has-link-color has-medium-font-size wp-elements-7b70e0e21ebae2216efde989f506465c\">Las instalaciones de Patr\u00f3n Fight&#8217;s Club son amplias y est\u00e1n bien equipadas, lo que permite a los asistentes entrenar de manera c\u00f3moda y efectiva. Adem\u00e1s, el gimnasio fomenta un ambiente de compa\u00f1erismo donde tanto adultos como ni\u00f1os pueden disfrutar del deporte, lo que lo convierte en una opci\u00f3n ideal para familias que buscan una actividad enriquecedora y divertida.<\/p>\n\n\n\n<p class=\"has-text-align-center has-ast-global-color-6-color has-text-color has-link-color has-medium-font-size wp-elements-764faa685012616490cbb3f8e32b3df5\">&nbsp;La combinaci\u00f3n de un entorno agradable, un equipo profesional y la diversidad de actividades hacen de Patr\u00f3n Fight&#8217;s Club un lugar donde cada miembro puede alcanzar sus metas de forma realista y gratificante.<\/p>\n\n\n\n<figure class=\"wp-block-image size-large is-resized\"><img loading=\"lazy\" decoding=\"async\" width=\"1024\" height=\"724\" src=\"https:\/\/patronfightclub.com\/wp-content\/uploads\/2026\/03\/boxeo-1-1024x724.jpg\" alt=\"\" class=\"wp-image-163\" style=\"width:1490px;height:auto\" srcset=\"https:\/\/patronfightclub.com\/wp-content\/uploads\/2026\/03\/boxeo-1-1024x724.jpg 1024w, https:\/\/patronfightclub.com\/wp-content\/uploads\/2026\/03\/boxeo-1-300x212.jpg 300w, https:\/\/patronfightclub.com\/wp-content\/uploads\/2026\/03\/boxeo-1-768x543.jpg 768w, https:\/\/patronfightclub.com\/wp-content\/uploads\/2026\/03\/boxeo-1-1536x1086.jpg 1536w, https:\/\/patronfightclub.com\/wp-content\/uploads\/2026\/03\/boxeo-1.jpg 1600w\" sizes=\"auto, (max-width: 1024px) 100vw, 1024px\" \/><\/figure>\n\n\n\n<p class=\"has-text-align-center has-ast-global-color-6-color has-text-color has-link-color has-medium-font-size wp-elements-ad3b34f77990f3732f7400b96b30ef09\">Con horarios flexibles de apertura durante la semana, este gimnasio se adapta a las necesidades de todos, permitiendo as\u00ed que cada persona pueda encontrar su espacio y tiempo para entrenar. Patr\u00f3n Fight&#8217;s Club no es solo un lugar para hacer ejercicio, es una comunidad donde se cultivan la salud, la disciplina y el compa\u00f1erismo.<\/p>\n\n\n\t\t\t\t\t<div\n\t\t\t\t\t\tclass=\"wp-block-uagb-image-gallery uagb-block-af730d1e     \"\n\t\t\t\t\t\tstyle=\"\"\n\t\t\t\t\t>\n\t\t\t\t\t\t\t\t\t\t\t<div class=\"spectra-image-gallery spectra-image-gallery__layout--carousel\">\n\t\t\t\t\t\t\t\t<div class=\"uagb-slick-carousel uagb-block-af730d1e\">\n\t\t\t\t\t\t\t\t\t\t\t\t<div class='spectra-image-gallery__media-wrapper' data-spectra-gallery-image-id='83'>\n\t\t\t\t\t\t\t<div class=\"spectra-image-gallery__media spectra-image-gallery__media--carousel\">\n\t\t\t\t<picture>\n\t\t\t\t\t<source media=\"(min-width: 1024px)\" srcset=\"https:\/\/patronfightclub.com\/wp-content\/uploads\/2026\/02\/Gimnasio-1-1024x768.jpg\">\n\t\t\t\t\t<source media=\"(min-width: 768px)\" srcset=\"https:\/\/patronfightclub.com\/wp-content\/uploads\/2026\/02\/Gimnasio-1-1024x768.jpg\">\n\t\t\t\t\t<img decoding=\"async\" class=\"spectra-image-gallery__media-thumbnail spectra-image-gallery__media-thumbnail--carousel\" src=\"https:\/\/patronfightclub.com\/wp-content\/uploads\/2026\/02\/Gimnasio-1-300x225.jpg\" alt=\"\" loading=\"lazy\" \/>\n\t\t\t\t<\/picture>\n\t\t\t\t<div class=\"spectra-image-gallery__media-thumbnail-blurrer\"><\/div>\n\t\t\t\t\t\t\t\t\t\t\t<div class=\"spectra-image-gallery__media-thumbnail-caption-wrapper spectra-image-gallery__media-thumbnail-caption-wrapper--overlay\">\n\t\t\t\t\t\t\t\t\t\t\t<div class=\"spectra-image-gallery__media-thumbnail-caption spectra-image-gallery__media-thumbnail-caption--overlay\">\n\t\t\t\t\tSala de Musculacion\t\t\t\t<\/div>\n\t\t\t\t\t\t\t\t\t\t<\/div>\n\t\t\t\t\t\t\t\t\t<\/div>\n\t\t\t\t\t\t<\/div>\n\t\t\t\t\t\t<div class='spectra-image-gallery__media-wrapper' data-spectra-gallery-image-id='76'>\n\t\t\t\t\t\t\t<div class=\"spectra-image-gallery__media spectra-image-gallery__media--carousel\">\n\t\t\t\t<picture>\n\t\t\t\t\t<source media=\"(min-width: 1024px)\" srcset=\"https:\/\/patronfightclub.com\/wp-content\/uploads\/2026\/02\/ring-1-1024x768.jpg\">\n\t\t\t\t\t<source media=\"(min-width: 768px)\" srcset=\"https:\/\/patronfightclub.com\/wp-content\/uploads\/2026\/02\/ring-1-1024x768.jpg\">\n\t\t\t\t\t<img decoding=\"async\" class=\"spectra-image-gallery__media-thumbnail spectra-image-gallery__media-thumbnail--carousel\" src=\"https:\/\/patronfightclub.com\/wp-content\/uploads\/2026\/02\/ring-1-300x225.jpg\" alt=\"\" loading=\"lazy\" \/>\n\t\t\t\t<\/picture>\n\t\t\t\t<div class=\"spectra-image-gallery__media-thumbnail-blurrer\"><\/div>\n\t\t\t\t\t\t\t\t\t\t\t<div class=\"spectra-image-gallery__media-thumbnail-caption-wrapper spectra-image-gallery__media-thumbnail-caption-wrapper--overlay\">\n\t\t\t\t\t\t\t\t\t\t\t<div class=\"spectra-image-gallery__media-thumbnail-caption spectra-image-gallery__media-thumbnail-caption--overlay\">\n\t\t\t\t\tPatron fight Club\t\t\t\t<\/div>\n\t\t\t\t\t\t\t\t\t\t<\/div>\n\t\t\t\t\t\t\t\t\t<\/div>\n\t\t\t\t\t\t<\/div>\n\t\t\t\t\t\t<div class='spectra-image-gallery__media-wrapper' data-spectra-gallery-image-id='75'>\n\t\t\t\t\t\t\t<div class=\"spectra-image-gallery__media spectra-image-gallery__media--carousel\">\n\t\t\t\t<picture>\n\t\t\t\t\t<source media=\"(min-width: 1024px)\" srcset=\"https:\/\/patronfightclub.com\/wp-content\/uploads\/2026\/02\/patron5-1-1024x768.jpg\">\n\t\t\t\t\t<source media=\"(min-width: 768px)\" srcset=\"https:\/\/patronfightclub.com\/wp-content\/uploads\/2026\/02\/patron5-1-1024x768.jpg\">\n\t\t\t\t\t<img decoding=\"async\" class=\"spectra-image-gallery__media-thumbnail spectra-image-gallery__media-thumbnail--carousel\" src=\"https:\/\/patronfightclub.com\/wp-content\/uploads\/2026\/02\/patron5-1-300x225.jpg\" alt=\"\" loading=\"lazy\" \/>\n\t\t\t\t<\/picture>\n\t\t\t\t<div class=\"spectra-image-gallery__media-thumbnail-blurrer\"><\/div>\n\t\t\t\t\t\t\t\t\t\t\t<div class=\"spectra-image-gallery__media-thumbnail-caption-wrapper spectra-image-gallery__media-thumbnail-caption-wrapper--overlay\">\n\t\t\t\t\t\t\t\t\t\t\t<div class=\"spectra-image-gallery__media-thumbnail-caption spectra-image-gallery__media-thumbnail-caption--overlay\">\n\t\t\t\t\tAmplia zona de entrenamiento\t\t\t\t<\/div>\n\t\t\t\t\t\t\t\t\t\t<\/div>\n\t\t\t\t\t\t\t\t\t<\/div>\n\t\t\t\t\t\t<\/div>\n\t\t\t\t\t\t<div class='spectra-image-gallery__media-wrapper' data-spectra-gallery-image-id='74'>\n\t\t\t\t\t\t\t<div class=\"spectra-image-gallery__media spectra-image-gallery__media--carousel\">\n\t\t\t\t<picture>\n\t\t\t\t\t<source media=\"(min-width: 1024px)\" srcset=\"https:\/\/patronfightclub.com\/wp-content\/uploads\/2026\/02\/ring-2-1024x768.jpg\">\n\t\t\t\t\t<source media=\"(min-width: 768px)\" srcset=\"https:\/\/patronfightclub.com\/wp-content\/uploads\/2026\/02\/ring-2-1024x768.jpg\">\n\t\t\t\t\t<img decoding=\"async\" class=\"spectra-image-gallery__media-thumbnail spectra-image-gallery__media-thumbnail--carousel\" src=\"https:\/\/patronfightclub.com\/wp-content\/uploads\/2026\/02\/ring-2-300x225.jpg\" alt=\"\" loading=\"lazy\" \/>\n\t\t\t\t<\/picture>\n\t\t\t\t<div class=\"spectra-image-gallery__media-thumbnail-blurrer\"><\/div>\n\t\t\t\t\t\t\t\t\t\t\t<div class=\"spectra-image-gallery__media-thumbnail-caption-wrapper spectra-image-gallery__media-thumbnail-caption-wrapper--overlay\">\n\t\t\t\t\t\t\t\t\t\t\t<div class=\"spectra-image-gallery__media-thumbnail-caption spectra-image-gallery__media-thumbnail-caption--overlay\">\n\t\t\t\t\tRing para hacer sparring\t\t\t\t<\/div>\n\t\t\t\t\t\t\t\t\t\t<\/div>\n\t\t\t\t\t\t\t\t\t<\/div>\n\t\t\t\t\t\t<\/div>\n\t\t\t\t\t\t<div class='spectra-image-gallery__media-wrapper' data-spectra-gallery-image-id='37'>\n\t\t\t\t\t\t\t<div class=\"spectra-image-gallery__media spectra-image-gallery__media--carousel\">\n\t\t\t\t<picture>\n\t\t\t\t\t<source media=\"(min-width: 1024px)\" srcset=\"https:\/\/patronfightclub.com\/wp-content\/uploads\/2026\/02\/saladeespera-1024x768.jpg\">\n\t\t\t\t\t<source media=\"(min-width: 768px)\" srcset=\"https:\/\/patronfightclub.com\/wp-content\/uploads\/2026\/02\/saladeespera-1024x768.jpg\">\n\t\t\t\t\t<img decoding=\"async\" class=\"spectra-image-gallery__media-thumbnail spectra-image-gallery__media-thumbnail--carousel\" src=\"https:\/\/patronfightclub.com\/wp-content\/uploads\/2026\/02\/saladeespera-300x225.jpg\" alt=\"\" loading=\"lazy\" \/>\n\t\t\t\t<\/picture>\n\t\t\t\t<div class=\"spectra-image-gallery__media-thumbnail-blurrer\"><\/div>\n\t\t\t\t\t\t\t\t\t\t\t<div class=\"spectra-image-gallery__media-thumbnail-caption-wrapper spectra-image-gallery__media-thumbnail-caption-wrapper--overlay\">\n\t\t\t\t\t\t\t\t\t\t\t<div class=\"spectra-image-gallery__media-thumbnail-caption spectra-image-gallery__media-thumbnail-caption--overlay\">\n\t\t\t\t\tZona de espera\t\t\t\t<\/div>\n\t\t\t\t\t\t\t\t\t\t<\/div>\n\t\t\t\t\t\t\t\t\t<\/div>\n\t\t\t\t\t\t<\/div>\n\t\t\t\t\t\t<div class='spectra-image-gallery__media-wrapper' data-spectra-gallery-image-id='34'>\n\t\t\t\t\t\t\t<div class=\"spectra-image-gallery__media spectra-image-gallery__media--carousel\">\n\t\t\t\t<picture>\n\t\t\t\t\t<source media=\"(min-width: 1024px)\" srcset=\"https:\/\/patronfightclub.com\/wp-content\/uploads\/2026\/02\/recepcion-1024x768.jpg\">\n\t\t\t\t\t<source media=\"(min-width: 768px)\" srcset=\"https:\/\/patronfightclub.com\/wp-content\/uploads\/2026\/02\/recepcion-1024x768.jpg\">\n\t\t\t\t\t<img decoding=\"async\" class=\"spectra-image-gallery__media-thumbnail spectra-image-gallery__media-thumbnail--carousel\" src=\"https:\/\/patronfightclub.com\/wp-content\/uploads\/2026\/02\/recepcion-300x225.jpg\" alt=\"\" loading=\"lazy\" \/>\n\t\t\t\t<\/picture>\n\t\t\t\t<div class=\"spectra-image-gallery__media-thumbnail-blurrer\"><\/div>\n\t\t\t\t\t\t\t\t\t\t\t<div class=\"spectra-image-gallery__media-thumbnail-caption-wrapper spectra-image-gallery__media-thumbnail-caption-wrapper--overlay\">\n\t\t\t\t\t\t\t\t\t\t\t<div class=\"spectra-image-gallery__media-thumbnail-caption spectra-image-gallery__media-thumbnail-caption--overlay\">\n\t\t\t\t\tSecretaria\t\t\t\t<\/div>\n\t\t\t\t\t\t\t\t\t\t<\/div>\n\t\t\t\t\t\t\t\t\t<\/div>\n\t\t\t\t\t\t<\/div>\n\t\t\t\t\t\t\t\t\t\t\t<\/div>\n\t\t\t\t\t\t\t<\/div>\n\t\t\t\t\t\t\t\t\t\t\t<\/div>\n\t\t\t\t\t\t\t\t\t\n\n\n<div style=\"height:35px\" aria-hidden=\"true\" class=\"wp-block-spacer\"><\/div>\n\n\n\n<figure class=\"wp-block-video\"><video height=\"480\" style=\"aspect-ratio: 848 \/ 480;\" width=\"848\" controls src=\"https:\/\/patronfightclub.com\/wp-content\/uploads\/2026\/02\/VIDEO-2025-11-09-23-35-20.mp4\"><\/video><\/figure>\n\n\n\n<div style=\"height:34px\" aria-hidden=\"true\" class=\"wp-block-spacer\"><\/div>\n\n\n\n<iframe src=\"https:\/\/www.google.com\/maps\/embed?pb=!1m18!1m12!1m3!1d3044.976203364396!2d-3.8302767883086415!3d40.25406016540469!2m3!1f0!2f0!3f0!3m2!1i1024!2i768!4f13.1!3m3!1m2!1s0xd418dfdf473c7af%3A0x2419e8fa57c25fe2!2sPatr%C3%B3n%20Fight&#39;s%20Club!5e0!3m2!1ses!2ses!4v1770237583918!5m2!1ses!2ses\" width=\"2000\" height=\"600\" style=\"border:0;\" allowfullscreen=\"\" loading=\"lazy\" referrerpolicy=\"no-referrer-when-downgrade\"><\/iframe>\n","protected":false},"excerpt":{"rendered":"<p>El centro es conocido por su excepcional variedad de actividades, que incluyen clases de BOXEO, K1 Y MMA, dise\u00f1adas tanto [&hellip;]<\/p>\n","protected":false},"author":1,"featured_media":0,"parent":0,"menu_order":0,"comment_status":"closed","ping_status":"closed","template":"","meta":{"_uag_custom_page_level_css":"","site-sidebar-layout":"default","site-content-layout":"","ast-site-content-layout":"default","site-content-style":"default","site-sidebar-style":"default","ast-global-header-display":"","ast-banner-title-visibility":"","ast-main-header-display":"","ast-hfb-above-header-display":"","ast-hfb-below-header-display":"","ast-hfb-mobile-header-display":"","site-post-title":"disabled","ast-breadcrumbs-content":"","ast-featured-img":"","footer-sml-layout":"","ast-disable-related-posts":"","theme-transparent-header-meta":"","adv-header-id-meta":"","stick-header-meta":"","header-above-stick-meta":"","header-main-stick-meta":"","header-below-stick-meta":"","astra-migrate-meta-layouts":"default","ast-page-background-enabled":"default","ast-page-background-meta":{"desktop":{"background-color":"var(--ast-global-color-5)","background-image":"","background-repeat":"repeat","background-position":"center center","background-size":"auto","background-attachment":"scroll","background-type":"","background-media":"","overlay-type":"","overlay-color":"","overlay-opacity":"","overlay-gradient":""},"tablet":{"background-color":"","background-image":"","background-repeat":"repeat","background-position":"center center","background-size":"auto","background-attachment":"scroll","background-type":"","background-media":"","overlay-type":"","overlay-color":"","overlay-opacity":"","overlay-gradient":""},"mobile":{"background-color":"","background-image":"","background-repeat":"repeat","background-position":"center center","background-size":"auto","background-attachment":"scroll","background-type":"","background-media":"","overlay-type":"","overlay-color":"","overlay-opacity":"","overlay-gradient":""}},"ast-content-background-meta":{"desktop":{"background-color":"var(--ast-global-color-4)","background-image":"","background-repeat":"repeat","background-position":"center center","background-size":"auto","background-attachment":"scroll","background-type":"","background-media":"","overlay-type":"","overlay-color":"","overlay-opacity":"","overlay-gradient":""},"tablet":{"background-color":"var(--ast-global-color-4)","background-image":"","background-repeat":"repeat","background-position":"center center","background-size":"auto","background-attachment":"scroll","background-type":"","background-media":"","overlay-type":"","overlay-color":"","overlay-opacity":"","overlay-gradient":""},"mobile":{"background-color":"var(--ast-global-color-4)","background-image":"","background-repeat":"repeat","background-position":"center center","background-size":"auto","background-attachment":"scroll","background-type":"","background-media":"","overlay-type":"","overlay-color":"","overlay-opacity":"","overlay-gradient":""}},"footnotes":""},"class_list":["post-8","page","type-page","status-publish","hentry"],"uagb_featured_image_src":{"full":false,"thumbnail":false,"medium":false,"medium_large":false,"large":false,"1536x1536":false,"2048x2048":false},"uagb_author_info":{"display_name":"marcosml","author_link":"https:\/\/patronfightclub.com\/index.php\/author\/marcosml\/"},"uagb_comment_info":0,"uagb_excerpt":"El centro es conocido por su excepcional variedad de actividades, que incluyen clases de BOXEO, K1 Y MMA, dise\u00f1adas tanto [&hellip;]","_links":{"self":[{"href":"https:\/\/patronfightclub.com\/index.php\/wp-json\/wp\/v2\/pages\/8","targetHints":{"allow":["GET"]}}],"collection":[{"href":"https:\/\/patronfightclub.com\/index.php\/wp-json\/wp\/v2\/pages"}],"about":[{"href":"https:\/\/patronfightclub.com\/index.php\/wp-json\/wp\/v2\/types\/page"}],"author":[{"embeddable":true,"href":"https:\/\/patronfightclub.com\/index.php\/wp-json\/wp\/v2\/users\/1"}],"replies":[{"embeddable":true,"href":"https:\/\/patronfightclub.com\/index.php\/wp-json\/wp\/v2\/comments?post=8"}],"version-history":[{"count":24,"href":"https:\/\/patronfightclub.com\/index.php\/wp-json\/wp\/v2\/pages\/8\/revisions"}],"predecessor-version":[{"id":164,"href":"https:\/\/patronfightclub.com\/index.php\/wp-json\/wp\/v2\/pages\/8\/revisions\/164"}],"wp:attachment":[{"href":"https:\/\/patronfightclub.com\/index.php\/wp-json\/wp\/v2\/media?parent=8"}],"curies":[{"name":"wp","href":"https:\/\/api.w.org\/{rel}","templated":true}]}}